{"id":2,"date":"2022-05-16T00:43:43","date_gmt":"2022-05-15T22:43:43","guid":{"rendered":"https:\/\/hollarka.net\/2022\/autoportret\/?page_id=2"},"modified":"2022-06-12T15:17:07","modified_gmt":"2022-06-12T13:17:07","slug":"zkusebni-stranka","status":"publish","type":"page","link":"https:\/\/hollarka.net\/2022\/autoportret\/","title":{"rendered":""},"content":{"rendered":"\n<figure class=\"wp-block-video\"><video controls src=\"https:\/\/hollarka.net\/2022\/autoportret\/wp-content\/uploads\/2022\/05\/autoportret_viktorie_havlickova.mp4\"><\/video><\/figure>\n\n\n\n<div class=\"wp-block-columns is-layout-flex wp-container-core-columns-is-layout-3 wp-block-columns-is-layout-flex\">\n<div class=\"wp-block-column is-layout-flow wp-block-column-is-layout-flow\" style=\"flex-basis:100%\">\n<div class=\"wp-block-columns is-layout-flex wp-container-core-columns-is-layout-2 wp-block-columns-is-layout-flex\">\n<div class=\"wp-block-column is-layout-flow wp-block-column-is-layout-flow\" style=\"flex-basis:100%\">\n<div class=\"wp-block-columns is-layout-flex wp-container-core-columns-is-layout-1 wp-block-columns-is-layout-flex\">\n<div class=\"wp-block-column is-layout-flow wp-block-column-is-layout-flow\">\n<h2 class=\"wp-block-heading\">\u00davod<\/h2>\n\n\n\n<p>R\u00e1da bych V\u00e1m dnes p\u0159edstavila sv\u016fj kr\u00e1tk\u00fd film, kter\u00fd je vytvo\u0159en plo\u0161kovou animac\u00ed. Mou inspirac\u00ed byly p\u0159ev\u00e1\u017en\u011b moje den\u00edky a proto se tak\u00e9 cel\u00fd p\u0159\u00edb\u011bh odehr\u00e1v\u00e1 pr\u00e1v\u011b v jednom takov\u00e9m den\u00ed\u010dku. M\u00e9\u00a0 mal\u00e9 zvyky i zlozvyky na m\u011b prozrazuj\u00ed akvarelov\u00e9 pap\u00edrov\u00e9 loutky.<\/p>\n<\/div>\n\n\n\n<div class=\"wp-block-column is-layout-flow wp-block-column-is-layout-flow\"><\/div>\n<\/div>\n<\/div>\n<\/div>\n<\/div>\n<\/div>\n\n\n\n<figure class=\"wp-block-gallery has-nested-images columns-default is-cropped wp-block-gallery-1 is-layout-flex wp-block-gallery-is-layout-flex\">\n<figure class=\"wp-block-image size-large\"><img loading=\"lazy\" decoding=\"async\" width=\"1528\" height=\"1080\" data-id=\"32\" src=\"https:\/\/hollarka.net\/2022\/autoportret\/wp-content\/uploads\/2022\/05\/Untitled_Artwork-2-3-1528x1080.png\" alt=\"\" class=\"wp-image-32\" srcset=\"https:\/\/hollarka.net\/2022\/autoportret\/wp-content\/uploads\/2022\/05\/Untitled_Artwork-2-3-1528x1080.png 1528w, https:\/\/hollarka.net\/2022\/autoportret\/wp-content\/uploads\/2022\/05\/Untitled_Artwork-2-3-300x212.png 300w, https:\/\/hollarka.net\/2022\/autoportret\/wp-content\/uploads\/2022\/05\/Untitled_Artwork-2-3-768x543.png 768w, https:\/\/hollarka.net\/2022\/autoportret\/wp-content\/uploads\/2022\/05\/Untitled_Artwork-2-3-1536x1086.png 1536w, https:\/\/hollarka.net\/2022\/autoportret\/wp-content\/uploads\/2022\/05\/Untitled_Artwork-2-3-2048x1448.png 2048w, https:\/\/hollarka.net\/2022\/autoportret\/wp-content\/uploads\/2022\/05\/Untitled_Artwork-2-3-1140x806.png 1140w\" sizes=\"auto, (max-width: 1528px) 100vw, 1528px\" \/><\/figure>\n<\/figure>\n\n\n\n<div class=\"alignnormal\"><div id=\"metaslider-id-122\" style=\"width: 100%;\" class=\"ml-slider-3-27-5 metaslider metaslider-flex metaslider-122 ml-slider\">\n    <div id=\"metaslider_container_122\">\n        <div id=\"metaslider_122\">\n            <ul aria-live=\"polite\" class=\"slides\">\n                <li style=\"display: block; width: 100%;\" class=\"slide-124 ms-image\"><img loading=\"lazy\" decoding=\"async\" src=\"https:\/\/hollarka.net\/2022\/autoportret\/wp-content\/uploads\/2022\/05\/viki_001_01_X1_0235-scaled-1400x800.jpg\" height=\"800\" width=\"1400\" alt=\"\" class=\"slider-122 slide-124\" title=\"viki_001_01_X1_0235\" \/><\/li>\n                <li style=\"display: none; width: 100%;\" class=\"slide-129 ms-image\"><img loading=\"lazy\" decoding=\"async\" src=\"https:\/\/hollarka.net\/2022\/autoportret\/wp-content\/uploads\/2022\/05\/viki_001_01_X1_0293-2-scaled-1400x800.jpg\" height=\"800\" width=\"1400\" alt=\"\" class=\"slider-122 slide-129\" title=\"viki_001_01_X1_0293\" \/><\/li>\n                <li style=\"display: none; width: 100%;\" class=\"slide-128 ms-image\"><img loading=\"lazy\" decoding=\"async\" src=\"https:\/\/hollarka.net\/2022\/autoportret\/wp-content\/uploads\/2022\/05\/2_castX1_0304-scaled-1400x800.jpg\" height=\"800\" width=\"1400\" alt=\"\" class=\"slider-122 slide-128\" title=\"2_castX1_0304\" \/><\/li>\n            <\/ul>\n        <\/div>\n        \n    <\/div>\n<\/div><\/div>\n\n\n\n<h2 class=\"wp-block-heading\">Jak film vznikal<\/h2>\n\n\n\n<div class=\"wp-block-columns is-layout-flex wp-container-core-columns-is-layout-4 wp-block-columns-is-layout-flex\">\n<div class=\"wp-block-column is-layout-flow wp-block-column-is-layout-flow\">\n<p>Nejd\u0159\u00edve ze v\u0161eho n\u00e1s mus\u00ed oslovit m\u016fza n\u00e1pad\u016f. Pokud m\u00e1me \u0161t\u011bst\u00ed a&nbsp; obdaruje n\u00e1s takov\u00fdm n\u00e1padem, mus\u00edme se ho pevn\u011b chytit a d\u00e1le ho rozv\u00edjet a vylep\u0161ovat.&nbsp;Dal\u0161\u00edm stadiem je storyboard a sc\u00e9n\u00e1\u0159. Kdy\u017e u\u017e jsme splnili i tato krit\u00e9ria, m\u016f\u017eeme za\u010d\u00edt p\u0159ipravovat podklady pro samotn\u00fd film. J\u00e1 jsem si zvolila plo\u0161kou animaci, co\u017e pro m\u011b znamenalo p\u0159ipraven\u00ed kulis a loutek. <\/p>\n<\/div>\n\n\n\n<div class=\"wp-block-column is-layout-flow wp-block-column-is-layout-flow\"><\/div>\n<\/div>\n\n\n\n<div class=\"wp-block-columns is-layout-flex wp-container-core-columns-is-layout-5 wp-block-columns-is-layout-flex\">\n<div class=\"wp-block-column is-layout-flow wp-block-column-is-layout-flow\">\n<figure class=\"wp-block-image size-large\"><img loading=\"lazy\" decoding=\"async\" width=\"1270\" height=\"1080\" src=\"https:\/\/hollarka.net\/2022\/autoportret\/wp-content\/uploads\/2022\/05\/Untitled_Artwork-8-1270x1080.png\" alt=\"\" class=\"wp-image-139\" srcset=\"https:\/\/hollarka.net\/2022\/autoportret\/wp-content\/uploads\/2022\/05\/Untitled_Artwork-8-1270x1080.png 1270w, https:\/\/hollarka.net\/2022\/autoportret\/wp-content\/uploads\/2022\/05\/Untitled_Artwork-8-300x255.png 300w, https:\/\/hollarka.net\/2022\/autoportret\/wp-content\/uploads\/2022\/05\/Untitled_Artwork-8-768x653.png 768w, https:\/\/hollarka.net\/2022\/autoportret\/wp-content\/uploads\/2022\/05\/Untitled_Artwork-8-1536x1306.png 1536w, https:\/\/hollarka.net\/2022\/autoportret\/wp-content\/uploads\/2022\/05\/Untitled_Artwork-8-2048x1741.png 2048w, https:\/\/hollarka.net\/2022\/autoportret\/wp-content\/uploads\/2022\/05\/Untitled_Artwork-8-1140x969.png 1140w\" sizes=\"auto, (max-width: 1270px) 100vw, 1270px\" \/><\/figure>\n<\/div>\n\n\n\n<div class=\"wp-block-column is-layout-flow wp-block-column-is-layout-flow\">\n<figure class=\"wp-block-image size-large\"><img loading=\"lazy\" decoding=\"async\" width=\"1528\" height=\"1080\" src=\"https:\/\/hollarka.net\/2022\/autoportret\/wp-content\/uploads\/2022\/05\/Untitled_Artwork-5-1528x1080.png\" alt=\"\" class=\"wp-image-138\" srcset=\"https:\/\/hollarka.net\/2022\/autoportret\/wp-content\/uploads\/2022\/05\/Untitled_Artwork-5-1528x1080.png 1528w, https:\/\/hollarka.net\/2022\/autoportret\/wp-content\/uploads\/2022\/05\/Untitled_Artwork-5-300x212.png 300w, https:\/\/hollarka.net\/2022\/autoportret\/wp-content\/uploads\/2022\/05\/Untitled_Artwork-5-768x543.png 768w, https:\/\/hollarka.net\/2022\/autoportret\/wp-content\/uploads\/2022\/05\/Untitled_Artwork-5-1536x1086.png 1536w, https:\/\/hollarka.net\/2022\/autoportret\/wp-content\/uploads\/2022\/05\/Untitled_Artwork-5-2048x1448.png 2048w, https:\/\/hollarka.net\/2022\/autoportret\/wp-content\/uploads\/2022\/05\/Untitled_Artwork-5-1140x806.png 1140w\" sizes=\"auto, (max-width: 1528px) 100vw, 1528px\" \/><\/figure>\n<\/div>\n<\/div>\n\n\n\n<div class=\"wp-block-columns is-layout-flex wp-container-core-columns-is-layout-11 wp-block-columns-is-layout-flex\">\n<div class=\"wp-block-column is-layout-flow wp-block-column-is-layout-flow\">\n<div class=\"wp-block-columns is-layout-flex wp-container-core-columns-is-layout-7 wp-block-columns-is-layout-flex\">\n<div class=\"wp-block-column is-layout-flow wp-block-column-is-layout-flow\" style=\"flex-basis:100%\">\n<div class=\"wp-block-columns is-layout-flex wp-container-core-columns-is-layout-6 wp-block-columns-is-layout-flex\">\n<div class=\"wp-block-column is-layout-flow wp-block-column-is-layout-flow\">\n<p>Dal\u0161\u00ed \u010d\u00e1st pr\u00e1ce u\u017e je skoro a\u017e za odm\u011bnu, m\u016f\u017eeme se pustit do animov\u00e1n\u00ed! To znamen\u00e1 zapnout fotoapar\u00e1t nasv\u00edtit sc\u00e9nu a ka\u017ed\u00fdm stisknut\u00edm spou\u0161t\u011b&nbsp; p\u0159iv\u00e1d\u011bt loutky k \u017eivotu.<\/p>\n<\/div>\n\n\n\n<div class=\"wp-block-column is-layout-flow wp-block-column-is-layout-flow\"><\/div>\n<\/div>\n<\/div>\n<\/div>\n\n\n\n<figure class=\"wp-block-image size-large\"><img loading=\"lazy\" decoding=\"async\" width=\"1620\" height=\"1080\" src=\"https:\/\/hollarka.net\/2022\/autoportret\/wp-content\/uploads\/2022\/05\/IMG_8177-kopie-1620x1080.jpg\" alt=\"\" class=\"wp-image-81\" srcset=\"https:\/\/hollarka.net\/2022\/autoportret\/wp-content\/uploads\/2022\/05\/IMG_8177-kopie-1620x1080.jpg 1620w, https:\/\/hollarka.net\/2022\/autoportret\/wp-content\/uploads\/2022\/05\/IMG_8177-kopie-300x200.jpg 300w, https:\/\/hollarka.net\/2022\/autoportret\/wp-content\/uploads\/2022\/05\/IMG_8177-kopie-768x512.jpg 768w, https:\/\/hollarka.net\/2022\/autoportret\/wp-content\/uploads\/2022\/05\/IMG_8177-kopie-1536x1024.jpg 1536w, https:\/\/hollarka.net\/2022\/autoportret\/wp-content\/uploads\/2022\/05\/IMG_8177-kopie-2048x1365.jpg 2048w, https:\/\/hollarka.net\/2022\/autoportret\/wp-content\/uploads\/2022\/05\/IMG_8177-kopie-1140x760.jpg 1140w\" sizes=\"auto, (max-width: 1620px) 100vw, 1620px\" \/><\/figure>\n\n\n\n<div class=\"wp-block-columns is-layout-flex wp-container-core-columns-is-layout-8 wp-block-columns-is-layout-flex\">\n<div class=\"wp-block-column is-layout-flow wp-block-column-is-layout-flow\">\n<figure class=\"wp-block-image size-large\"><img loading=\"lazy\" decoding=\"async\" width=\"1620\" height=\"1080\" src=\"https:\/\/hollarka.net\/2022\/autoportret\/wp-content\/uploads\/2022\/05\/IMG_8190-1620x1080.jpg\" alt=\"\" class=\"wp-image-85\" srcset=\"https:\/\/hollarka.net\/2022\/autoportret\/wp-content\/uploads\/2022\/05\/IMG_8190-1620x1080.jpg 1620w, https:\/\/hollarka.net\/2022\/autoportret\/wp-content\/uploads\/2022\/05\/IMG_8190-300x200.jpg 300w, https:\/\/hollarka.net\/2022\/autoportret\/wp-content\/uploads\/2022\/05\/IMG_8190-768x512.jpg 768w, https:\/\/hollarka.net\/2022\/autoportret\/wp-content\/uploads\/2022\/05\/IMG_8190-1536x1024.jpg 1536w, https:\/\/hollarka.net\/2022\/autoportret\/wp-content\/uploads\/2022\/05\/IMG_8190-2048x1365.jpg 2048w, https:\/\/hollarka.net\/2022\/autoportret\/wp-content\/uploads\/2022\/05\/IMG_8190-1140x760.jpg 1140w\" sizes=\"auto, (max-width: 1620px) 100vw, 1620px\" \/><\/figure>\n<\/div>\n\n\n\n<div class=\"wp-block-column is-layout-flow wp-block-column-is-layout-flow\">\n<figure class=\"wp-block-image size-large\"><img loading=\"lazy\" decoding=\"async\" width=\"1620\" height=\"1080\" src=\"https:\/\/hollarka.net\/2022\/autoportret\/wp-content\/uploads\/2022\/05\/IMG_8192-1620x1080.jpg\" alt=\"\" class=\"wp-image-83\" srcset=\"https:\/\/hollarka.net\/2022\/autoportret\/wp-content\/uploads\/2022\/05\/IMG_8192-1620x1080.jpg 1620w, https:\/\/hollarka.net\/2022\/autoportret\/wp-content\/uploads\/2022\/05\/IMG_8192-300x200.jpg 300w, https:\/\/hollarka.net\/2022\/autoportret\/wp-content\/uploads\/2022\/05\/IMG_8192-768x512.jpg 768w, https:\/\/hollarka.net\/2022\/autoportret\/wp-content\/uploads\/2022\/05\/IMG_8192-1536x1024.jpg 1536w, https:\/\/hollarka.net\/2022\/autoportret\/wp-content\/uploads\/2022\/05\/IMG_8192-2048x1365.jpg 2048w, https:\/\/hollarka.net\/2022\/autoportret\/wp-content\/uploads\/2022\/05\/IMG_8192-1140x760.jpg 1140w\" sizes=\"auto, (max-width: 1620px) 100vw, 1620px\" \/><\/figure>\n<\/div>\n<\/div>\n\n\n\n<div class=\"wp-block-columns is-layout-flex wp-container-core-columns-is-layout-10 wp-block-columns-is-layout-flex\">\n<div class=\"wp-block-column is-layout-flow wp-block-column-is-layout-flow\">\n<div class=\"wp-block-columns is-layout-flex wp-container-core-columns-is-layout-9 wp-block-columns-is-layout-flex\">\n<div class=\"wp-block-column is-layout-flow wp-block-column-is-layout-flow\">\n<p>Ve chv\u00edli kdy M\u00e1me nafocen\u00e9 v\u0161echny sc\u00e9ny, vlo\u017e\u00edme sekvence fotografi\u00ed do programu ur\u010den\u00e9ho ke st\u0159ihu vide\u00ed, p\u0159id\u00e1me zvukov\u00e9 efekty, VoiceOver, tematickou hudbu, dobarv\u00edme sc\u00e9ny a m\u00e1me hotovo!&nbsp;<\/p>\n<\/div>\n\n\n\n<div class=\"wp-block-column is-layout-flow wp-block-column-is-layout-flow\"><\/div>\n<\/div>\n<\/div>\n<\/div>\n<\/div>\n<\/div>\n\n\n\n<figure class=\"wp-block-gallery has-nested-images columns-default is-cropped wp-block-gallery-2 is-layout-flex wp-block-gallery-is-layout-flex\">\n<figure class=\"wp-block-image size-large\"><img loading=\"lazy\" decoding=\"async\" width=\"1920\" height=\"1080\" data-id=\"57\" src=\"https:\/\/hollarka.net\/2022\/autoportret\/wp-content\/uploads\/2022\/05\/viki_001_02_X1_0032-1920x1080.jpg\" alt=\"\" class=\"wp-image-57\" srcset=\"https:\/\/hollarka.net\/2022\/autoportret\/wp-content\/uploads\/2022\/05\/viki_001_02_X1_0032.jpg 1920w, https:\/\/hollarka.net\/2022\/autoportret\/wp-content\/uploads\/2022\/05\/viki_001_02_X1_0032-300x169.jpg 300w, https:\/\/hollarka.net\/2022\/autoportret\/wp-content\/uploads\/2022\/05\/viki_001_02_X1_0032-768x432.jpg 768w, https:\/\/hollarka.net\/2022\/autoportret\/wp-content\/uploads\/2022\/05\/viki_001_02_X1_0032-1536x864.jpg 1536w, https:\/\/hollarka.net\/2022\/autoportret\/wp-content\/uploads\/2022\/05\/viki_001_02_X1_0032-1140x641.jpg 1140w\" sizes=\"auto, (max-width: 1920px) 100vw, 1920px\" \/><\/figure>\n<\/figure>\n\n\n\n<div class=\"wp-block-columns is-layout-flex wp-container-core-columns-is-layout-12 wp-block-columns-is-layout-flex\">\n<div class=\"wp-block-column is-layout-flow wp-block-column-is-layout-flow\">\n<figure class=\"wp-block-image size-large\"><img loading=\"lazy\" decoding=\"async\" width=\"1920\" height=\"1080\" src=\"https:\/\/hollarka.net\/2022\/autoportret\/wp-content\/uploads\/2022\/05\/viki_001_01_X1_0545-1-1920x1080.jpg\" alt=\"\" class=\"wp-image-60\" srcset=\"https:\/\/hollarka.net\/2022\/autoportret\/wp-content\/uploads\/2022\/05\/viki_001_01_X1_0545-1.jpg 1920w, https:\/\/hollarka.net\/2022\/autoportret\/wp-content\/uploads\/2022\/05\/viki_001_01_X1_0545-1-300x169.jpg 300w, https:\/\/hollarka.net\/2022\/autoportret\/wp-content\/uploads\/2022\/05\/viki_001_01_X1_0545-1-768x432.jpg 768w, https:\/\/hollarka.net\/2022\/autoportret\/wp-content\/uploads\/2022\/05\/viki_001_01_X1_0545-1-1536x864.jpg 1536w, https:\/\/hollarka.net\/2022\/autoportret\/wp-content\/uploads\/2022\/05\/viki_001_01_X1_0545-1-1140x641.jpg 1140w\" sizes=\"auto, (max-width: 1920px) 100vw, 1920px\" \/><\/figure>\n<\/div>\n\n\n\n<div class=\"wp-block-column is-layout-flow wp-block-column-is-layout-flow\">\n<figure class=\"wp-block-image size-large\"><img loading=\"lazy\" decoding=\"async\" width=\"1920\" height=\"1080\" src=\"https:\/\/hollarka.net\/2022\/autoportret\/wp-content\/uploads\/2022\/05\/viki_001_01_X1_0397-1920x1080.jpg\" alt=\"\" class=\"wp-image-59\" srcset=\"https:\/\/hollarka.net\/2022\/autoportret\/wp-content\/uploads\/2022\/05\/viki_001_01_X1_0397.jpg 1920w, https:\/\/hollarka.net\/2022\/autoportret\/wp-content\/uploads\/2022\/05\/viki_001_01_X1_0397-300x169.jpg 300w, https:\/\/hollarka.net\/2022\/autoportret\/wp-content\/uploads\/2022\/05\/viki_001_01_X1_0397-768x432.jpg 768w, https:\/\/hollarka.net\/2022\/autoportret\/wp-content\/uploads\/2022\/05\/viki_001_01_X1_0397-1536x864.jpg 1536w, https:\/\/hollarka.net\/2022\/autoportret\/wp-content\/uploads\/2022\/05\/viki_001_01_X1_0397-1140x641.jpg 1140w\" sizes=\"auto, (max-width: 1920px) 100vw, 1920px\" \/><\/figure>\n<\/div>\n<\/div>\n\n\n\n<div class=\"wp-block-columns is-layout-flex wp-container-core-columns-is-layout-13 wp-block-columns-is-layout-flex\">\n<div class=\"wp-block-column is-layout-flow wp-block-column-is-layout-flow\">\n<p>Tvorbu tohoto filmu jsem si moc u\u017eila a proto taky douf\u00e1m, \u017ee i V\u00e1m p\u0159inese tro\u0161ku radosti. <\/p>\n<\/div>\n\n\n\n<div class=\"wp-block-column is-layout-flow wp-block-column-is-layout-flow\"><\/div>\n<\/div>\n\n\n\n<div class=\"wp-block-columns is-layout-flex wp-container-core-columns-is-layout-14 wp-block-columns-is-layout-flex\">\n<div class=\"wp-block-column is-layout-flow wp-block-column-is-layout-flow\">\n<h2 class=\"wp-block-heading\">Pod\u011bkov\u00e1n\u00ed<\/h2>\n\n\n\n<p>Tento posledn\u00ed odstavec bych r\u00e1da v\u011bnovala v\u0161em, kte\u0159\u00ed mi p\u0159i tvorb\u011b pom\u00e1hali dos\u00e1hnout m\u00e9 p\u0159edstavy. <\/p>\n\n\n\n<p>Cht\u011bla bych pod\u011bkovat Kate\u0159in\u011b Hausenblasov\u00e9 za spoustu hodin kter\u00e9 v\u011bnovala na\u0161im konzultac\u00edm, za pomoc p\u0159i realizaci, podporu a p\u0159edev\u0161\u00edm za ochotu s kterou v\u0161e d\u011blala.<\/p>\n\n\n\n<p>D\u00e1le d\u011bkuji Janu \u0160ajbidorovi za konzultace a p\u0159in\u00e1\u0161en\u00ed nov\u00fdch \u0159e\u0161en\u00ed.<\/p>\n\n\n\n<p>Tak\u00e9 bych cht\u011bla pod\u011bkovat Veronice S\u00fdkorov\u00e9 za pomoc s tvorbou webov\u00fdch str\u00e1nek<\/p>\n\n\n\n<p>A m\u00e9 posledn\u00ed pod\u011bkov\u00e1n\u00ed si zaslou\u017e\u00ed Pavel Soukup, kter\u00fd m\u011b spolu s konzultacemi posouval v tvorb\u011b dop\u0159edu.<\/p>\n<\/div>\n\n\n\n<div class=\"wp-block-column is-layout-flow wp-block-column-is-layout-flow\"><\/div>\n<\/div>\n\n\n\n<div class=\"wp-block-columns is-layout-flex wp-container-core-columns-is-layout-16 wp-block-columns-is-layout-flex\">\n<div class=\"wp-block-column is-layout-flow wp-block-column-is-layout-flow\">\n<figure class=\"wp-block-gallery has-nested-images columns-default is-cropped wp-block-gallery-3 is-layout-flex wp-block-gallery-is-layout-flex\">\n<figure class=\"wp-block-image size-large\"><img loading=\"lazy\" decoding=\"async\" width=\"1325\" height=\"1325\" src=\"https:\/\/hollarka.net\/2022\/autoportret\/wp-content\/uploads\/2022\/05\/Untitled_Artwork-2-2-edited.png\" alt=\"\" class=\"wp-image-54\" srcset=\"https:\/\/hollarka.net\/2022\/autoportret\/wp-content\/uploads\/2022\/05\/Untitled_Artwork-2-2-edited.png 1325w, https:\/\/hollarka.net\/2022\/autoportret\/wp-content\/uploads\/2022\/05\/Untitled_Artwork-2-2-edited-300x300.png 300w, https:\/\/hollarka.net\/2022\/autoportret\/wp-content\/uploads\/2022\/05\/Untitled_Artwork-2-2-edited-1080x1080.png 1080w, https:\/\/hollarka.net\/2022\/autoportret\/wp-content\/uploads\/2022\/05\/Untitled_Artwork-2-2-edited-150x150.png 150w, https:\/\/hollarka.net\/2022\/autoportret\/wp-content\/uploads\/2022\/05\/Untitled_Artwork-2-2-edited-768x768.png 768w, https:\/\/hollarka.net\/2022\/autoportret\/wp-content\/uploads\/2022\/05\/Untitled_Artwork-2-2-edited-1140x1140.png 1140w, https:\/\/hollarka.net\/2022\/autoportret\/wp-content\/uploads\/2022\/05\/Untitled_Artwork-2-2-edited-75x75.png 75w\" sizes=\"auto, (max-width: 1325px) 100vw, 1325px\" \/><\/figure>\n<\/figure>\n<\/div>\n\n\n\n<div class=\"wp-block-column is-layout-flow wp-block-column-is-layout-flow\">\n<div class=\"wp-block-columns is-layout-flex wp-container-core-columns-is-layout-15 wp-block-columns-is-layout-flex\">\n<div class=\"wp-block-column is-layout-flow wp-block-column-is-layout-flow\">\n<h2 class=\"wp-block-heading\">O mn\u011b<\/h2>\n\n\n\n<p>Jmenuji se Viktorie Havl\u00ed\u010dkov\u00e1. Je mi 19 let a jsem studentkou \u010dtvrt\u00e9ho ro\u010dn\u00edku VO\u0160 a SU\u0160 V\u00e1clava Hollara se zam\u011b\u0159en\u00edm na audiovizu\u00e1ln\u00ed tvorbu. Tento web spole\u010dn\u011b s kr\u00e1tk\u00fdm filmem \u201eAutoportr\u00e9t\u201c jsou mou maturitn\u00ed pr\u00e1c\u00ed.<\/p>\n<\/div>\n<\/div>\n<\/div>\n<\/div>\n\n\n\n<h2 class=\"wp-block-heading\">Kontakt<\/h2>\n\n\n\n<p>havlickova.viki@seznam.cz<\/p>\n\n\n\n<p>(+420) 737445743<\/p>\n\n\n\n<p class=\"has-black-color has-text-color\"><a rel=\"noreferrer noopener\" href=\"https:\/\/drive.google.com\/file\/d\/1Jb57u2YCA3YG8XM8gNbUKg2q2dHfCunK\/view?usp=sharing\" target=\"_blank\"><strong>Portfolio zde<\/strong><\/a><\/p>\n","protected":false},"excerpt":{"rendered":"<p>\u00davod R\u00e1da bych V\u00e1m dnes p\u0159edstavila sv\u016fj kr\u00e1tk\u00fd film, kter\u00fd je vytvo\u0159en plo\u0161kovou animac\u00ed. Mou inspirac\u00ed byly p\u0159ev\u00e1\u017en\u011b moje den\u00edky a proto se tak\u00e9 cel\u00fd p\u0159\u00edb\u011bh odehr\u00e1v\u00e1 pr\u00e1v\u011b v jednom takov\u00e9m den\u00ed\u010dku. M\u00e9\u00a0 mal\u00e9 zvyky i zlozvyky na m\u011b prozrazuj\u00ed akvarelov\u00e9 pap\u00edrov\u00e9 loutky. Jak film vznikal Nejd\u0159\u00edve ze v\u0161eho n\u00e1s mus\u00ed oslovit m\u016fza n\u00e1pad\u016f. Pokud m\u00e1me \u0161t\u011bst\u00ed a&nbsp; obdaruje n\u00e1s takov\u00fdm n\u00e1padem, mus\u00edme se ho pevn\u011b chytit a d\u00e1le ho rozv\u00edjet a vylep\u0161ovat.&nbsp;Dal\u0161\u00edm stadiem je storyboard a sc\u00e9n\u00e1\u0159. Kdy\u017e u\u017e jsme splnili i tato krit\u00e9ria, m\u016f\u017eeme za\u010d\u00edt p\u0159ipravovat podklady pro samotn\u00fd film. J\u00e1 jsem si zvolila plo\u0161kou animaci, co\u017e pro m\u011b znamenalo p\u0159ipraven\u00ed kulis a loutek. Dal\u0161\u00ed \u010d\u00e1st pr\u00e1ce u\u017e je skoro a\u017e za odm\u011bnu, m\u016f\u017eeme se pustit do animov\u00e1n\u00ed! To znamen\u00e1 zapnout fotoapar\u00e1t nasv\u00edtit sc\u00e9nu a ka\u017ed\u00fdm stisknut\u00edm spou\u0161t\u011b&nbsp; p\u0159iv\u00e1d\u011bt loutky k \u017eivotu. Ve chv\u00edli kdy M\u00e1me nafocen\u00e9 v\u0161echny sc\u00e9ny, vlo\u017e\u00edme sekvence fotografi\u00ed do programu ur\u010den\u00e9ho ke st\u0159ihu vide\u00ed, p\u0159id\u00e1me zvukov\u00e9 efekty, VoiceOver, tematickou hudbu, dobarv\u00edme sc\u00e9ny a m\u00e1me hotovo!&nbsp; Tvorbu tohoto filmu jsem si moc u\u017eila a proto taky douf\u00e1m, \u017ee i V\u00e1m p\u0159inese tro\u0161ku radosti. Pod\u011bkov\u00e1n\u00ed Tento posledn\u00ed odstavec bych r\u00e1da v\u011bnovala v\u0161em, kte\u0159\u00ed mi p\u0159i tvorb\u011b pom\u00e1hali dos\u00e1hnout m\u00e9 p\u0159edstavy. Cht\u011bla bych pod\u011bkovat Kate\u0159in\u011b Hausenblasov\u00e9 za spoustu hodin kter\u00e9 v\u011bnovala na\u0161im konzultac\u00edm, za pomoc p\u0159i realizaci, podporu a p\u0159edev\u0161\u00edm za ochotu s kterou v\u0161e d\u011blala. D\u00e1le d\u011bkuji Janu \u0160ajbidorovi za konzultace a p\u0159in\u00e1\u0161en\u00ed nov\u00fdch \u0159e\u0161en\u00ed. Tak\u00e9 bych cht\u011bla pod\u011bkovat Veronice S\u00fdkorov\u00e9 za pomoc s tvorbou webov\u00fdch str\u00e1nek A m\u00e9 posledn\u00ed pod\u011bkov\u00e1n\u00ed si zaslou\u017e\u00ed Pavel Soukup, kter\u00fd m\u011b spolu s konzultacemi posouval v tvorb\u011b dop\u0159edu. O mn\u011b Jmenuji se Viktorie Havl\u00ed\u010dkov\u00e1. Je mi 19 let a jsem studentkou \u010dtvrt\u00e9ho ro\u010dn\u00edku VO\u0160 a SU\u0160 V\u00e1clava Hollara se zam\u011b\u0159en\u00edm na audiovizu\u00e1ln\u00ed tvorbu. Tento web spole\u010dn\u011b s kr\u00e1tk\u00fdm filmem \u201eAutoportr\u00e9t\u201c jsou mou maturitn\u00ed pr\u00e1c\u00ed. Kontakt havlickova.viki@seznam.cz (+420) 737445743 Portfolio zde<\/p>\n","protected":false},"author":1,"featured_media":0,"parent":0,"menu_order":0,"comment_status":"closed","ping_status":"open","template":"","meta":{"footnotes":""},"class_list":["post-2","page","type-page","status-publish","hentry"],"_links":{"self":[{"href":"https:\/\/hollarka.net\/2022\/autoportret\/wp-json\/wp\/v2\/pages\/2","targetHints":{"allow":["GET"]}}],"collection":[{"href":"https:\/\/hollarka.net\/2022\/autoportret\/wp-json\/wp\/v2\/pages"}],"about":[{"href":"https:\/\/hollarka.net\/2022\/autoportret\/wp-json\/wp\/v2\/types\/page"}],"author":[{"embeddable":true,"href":"https:\/\/hollarka.net\/2022\/autoportret\/wp-json\/wp\/v2\/users\/1"}],"replies":[{"embeddable":true,"href":"https:\/\/hollarka.net\/2022\/autoportret\/wp-json\/wp\/v2\/comments?post=2"}],"version-history":[{"count":42,"href":"https:\/\/hollarka.net\/2022\/autoportret\/wp-json\/wp\/v2\/pages\/2\/revisions"}],"predecessor-version":[{"id":153,"href":"https:\/\/hollarka.net\/2022\/autoportret\/wp-json\/wp\/v2\/pages\/2\/revisions\/153"}],"wp:attachment":[{"href":"https:\/\/hollarka.net\/2022\/autoportret\/wp-json\/wp\/v2\/media?parent=2"}],"curies":[{"name":"wp","href":"https:\/\/api.w.org\/{rel}","templated":true}]}}