{"id":2,"date":"2022-05-16T00:48:31","date_gmt":"2022-05-15T22:48:31","guid":{"rendered":"https:\/\/hollarka.net\/2022\/lostlight\/?page_id=2"},"modified":"2022-06-05T22:39:01","modified_gmt":"2022-06-05T20:39:01","slug":"zkusebni-stranka","status":"publish","type":"page","link":"https:\/\/hollarka.net\/2022\/lostlight\/","title":{"rendered":"LOST LIGHT"},"content":{"rendered":"\n<figure class=\"wp-block-video\"><video controls src=\"https:\/\/hollarka.net\/2022\/lostlight\/wp-content\/uploads\/2022\/06\/lost_light_animace.mp4\"><\/video><\/figure>\n\n\n\n<p>Kr\u00e1tk\u00fd studentsk\u00fd animovan\u00fd film o ztracen\u00e9 entit\u011b bloud\u00edc\u00ed lesem. Nevzpom\u00edn\u00e1 si k\u00fdm je, ani jak se tu vzala, jej\u00edm c\u00edlem je se sp\u0159\u00e1telit s m\u00edstn\u00edmi zv\u00ed\u0159aty a n\u011bkam pat\u0159it. Ale po celou dobu se pot\u00fdk\u00e1 s faktem, \u017ee je v n\u011b\u010dem jin\u00e1 ne\u017e ostatn\u00ed bytosti na zemi. Jej\u00ed hled\u00e1n\u00ed ale nakonec nen\u00ed zbyte\u010dn\u00e9.<\/p>\n","protected":false},"excerpt":{"rendered":"<p>Kr\u00e1tk\u00fd studentsk\u00fd animovan\u00fd film o ztracen\u00e9 entit\u011b bloud\u00edc\u00ed lesem. Nevzpom\u00edn\u00e1 si k\u00fdm je, ani jak se tu vzala, jej\u00edm c\u00edlem je se sp\u0159\u00e1telit s m\u00edstn\u00edmi zv\u00ed\u0159aty a n\u011bkam pat\u0159it. Ale po celou dobu se pot\u00fdk\u00e1 s faktem, \u017ee je v n\u011b\u010dem jin\u00e1 ne\u017e ostatn\u00ed bytosti na zemi. Jej\u00ed hled\u00e1n\u00ed ale nakonec nen\u00ed zbyte\u010dn\u00e9.<\/p>\n","protected":false},"author":1,"featured_media":0,"parent":0,"menu_order":0,"comment_status":"closed","ping_status":"open","template":"","meta":{"footnotes":""},"class_list":["post-2","page","type-page","status-publish","hentry"],"_links":{"self":[{"href":"https:\/\/hollarka.net\/2022\/lostlight\/wp-json\/wp\/v2\/pages\/2","targetHints":{"allow":["GET"]}}],"collection":[{"href":"https:\/\/hollarka.net\/2022\/lostlight\/wp-json\/wp\/v2\/pages"}],"about":[{"href":"https:\/\/hollarka.net\/2022\/lostlight\/wp-json\/wp\/v2\/types\/page"}],"author":[{"embeddable":true,"href":"https:\/\/hollarka.net\/2022\/lostlight\/wp-json\/wp\/v2\/users\/1"}],"replies":[{"embeddable":true,"href":"https:\/\/hollarka.net\/2022\/lostlight\/wp-json\/wp\/v2\/comments?post=2"}],"version-history":[{"count":12,"href":"https:\/\/hollarka.net\/2022\/lostlight\/wp-json\/wp\/v2\/pages\/2\/revisions"}],"predecessor-version":[{"id":63,"href":"https:\/\/hollarka.net\/2022\/lostlight\/wp-json\/wp\/v2\/pages\/2\/revisions\/63"}],"wp:attachment":[{"href":"https:\/\/hollarka.net\/2022\/lostlight\/wp-json\/wp\/v2\/media?parent=2"}],"curies":[{"name":"wp","href":"https:\/\/api.w.org\/{rel}","templated":true}]}}