{"id":2,"date":"2022-05-16T00:52:02","date_gmt":"2022-05-15T22:52:02","guid":{"rendered":"https:\/\/hollarka.net\/2022\/karolina\/?page_id=2"},"modified":"2022-06-07T12:31:50","modified_gmt":"2022-06-07T10:31:50","slug":"zkusebni-stranka","status":"publish","type":"page","link":"https:\/\/hollarka.net\/2022\/maternalinstinct\/","title":{"rendered":"Maternal Instinct: animated film"},"content":{"rendered":"\n<figure class=\"wp-block-video alignwide\"><video controls src=\"https:\/\/hollarka.net\/2022\/maternalinstinct\/wp-content\/uploads\/2022\/06\/iksd_1.mp4\"><\/video><\/figure>\n\n\n\n<h2 class=\"wp-block-heading\">\u00davod<\/h2>\n\n\n\n<div class=\"wp-block-columns is-layout-flex wp-container-core-columns-is-layout-1 wp-block-columns-is-layout-flex\">\n<div class=\"wp-block-column is-layout-flow wp-block-column-is-layout-flow\">\n<p>Tento p\u0159\u00edb\u011bh se odehr\u00e1v\u00e1 v severn\u00ed Dakot\u011b p\u0159ed 66 miliony lety. Chcete se dozv\u011bd\u011bt, jak mlad\u00e1 sami\u010dka Pectinodona dok\u00e1\u017ee p\u0159e\u017e\u00edt nejen sama, ale i se sv\u00fdmi ml\u00e1\u010faty? V Severn\u00ed Americe na m\u00edst\u011b zvan\u00e9m Pekeln\u00fd Potok se odehraje p\u0159\u00edb\u011bh, kter\u00fd v\u00e1m uk\u00e1\u017ee, jak dok\u00e1zala tato sami\u010dka d\u00edky sv\u00e9 mazanosti ochr\u00e1nit sv\u00e1 ml\u00e1\u010fata p\u0159ed hrozbou, kter\u00e1 je mnohem v\u011bt\u0161\u00ed, ne\u017e na kterou by si sama troufla!!<\/p>\n<\/div>\n\n\n\n<div class=\"wp-block-column is-layout-flow wp-block-column-is-layout-flow\">\n<figure class=\"wp-block-gallery has-nested-images columns-default is-cropped wp-block-gallery-1 is-layout-flex wp-block-gallery-is-layout-flex\">\n<figure class=\"wp-block-image size-large\"><img loading=\"lazy\" decoding=\"async\" width=\"1280\" height=\"960\" src=\"https:\/\/hollarka.net\/2022\/maternalinstinct\/wp-content\/uploads\/2022\/05\/obrazek_2022-05-16_101804497.png\" alt=\"\" class=\"wp-image-8\" srcset=\"https:\/\/hollarka.net\/2022\/maternalinstinct\/wp-content\/uploads\/2022\/05\/obrazek_2022-05-16_101804497.png 1280w, https:\/\/hollarka.net\/2022\/maternalinstinct\/wp-content\/uploads\/2022\/05\/obrazek_2022-05-16_101804497-300x225.png 300w, https:\/\/hollarka.net\/2022\/maternalinstinct\/wp-content\/uploads\/2022\/05\/obrazek_2022-05-16_101804497-1024x768.png 1024w, https:\/\/hollarka.net\/2022\/maternalinstinct\/wp-content\/uploads\/2022\/05\/obrazek_2022-05-16_101804497-768x576.png 768w\" sizes=\"auto, (max-width: 1280px) 100vw, 1280px\" \/><\/figure>\n<\/figure>\n<\/div>\n<\/div>\n","protected":false},"excerpt":{"rendered":"<p>\u00davod Tento p\u0159\u00edb\u011bh se odehr\u00e1v\u00e1 v severn\u00ed Dakot\u011b p\u0159ed 66 miliony lety. Chcete se dozv\u011bd\u011bt, jak mlad\u00e1 sami\u010dka Pectinodona dok\u00e1\u017ee p\u0159e\u017e\u00edt nejen sama, ale i se sv\u00fdmi ml\u00e1\u010faty? V Severn\u00ed Americe na m\u00edst\u011b zvan\u00e9m Pekeln\u00fd Potok se odehraje p\u0159\u00edb\u011bh, kter\u00fd v\u00e1m uk\u00e1\u017ee, jak dok\u00e1zala tato sami\u010dka d\u00edky sv\u00e9 mazanosti ochr\u00e1nit sv\u00e1 ml\u00e1\u010fata p\u0159ed hrozbou, kter\u00e1 &hellip; <\/p>\n<p class=\"link-more\"><a href=\"https:\/\/hollarka.net\/2022\/maternalinstinct\/\" class=\"more-link\">Read more<span class=\"screen-reader-text\"> &#8222;Maternal Instinct: animated film&#8220;<\/span><\/a><\/p>\n","protected":false},"author":1,"featured_media":0,"parent":0,"menu_order":0,"comment_status":"closed","ping_status":"open","template":"","meta":{"footnotes":""},"class_list":["post-2","page","type-page","status-publish","hentry"],"_links":{"self":[{"href":"https:\/\/hollarka.net\/2022\/maternalinstinct\/wp-json\/wp\/v2\/pages\/2","targetHints":{"allow":["GET"]}}],"collection":[{"href":"https:\/\/hollarka.net\/2022\/maternalinstinct\/wp-json\/wp\/v2\/pages"}],"about":[{"href":"https:\/\/hollarka.net\/2022\/maternalinstinct\/wp-json\/wp\/v2\/types\/page"}],"author":[{"embeddable":true,"href":"https:\/\/hollarka.net\/2022\/maternalinstinct\/wp-json\/wp\/v2\/users\/1"}],"replies":[{"embeddable":true,"href":"https:\/\/hollarka.net\/2022\/maternalinstinct\/wp-json\/wp\/v2\/comments?post=2"}],"version-history":[{"count":19,"href":"https:\/\/hollarka.net\/2022\/maternalinstinct\/wp-json\/wp\/v2\/pages\/2\/revisions"}],"predecessor-version":[{"id":99,"href":"https:\/\/hollarka.net\/2022\/maternalinstinct\/wp-json\/wp\/v2\/pages\/2\/revisions\/99"}],"wp:attachment":[{"href":"https:\/\/hollarka.net\/2022\/maternalinstinct\/wp-json\/wp\/v2\/media?parent=2"}],"curies":[{"name":"wp","href":"https:\/\/api.w.org\/{rel}","templated":true}]}}