{"id":2,"date":"2022-05-16T00:51:06","date_gmt":"2022-05-15T22:51:06","guid":{"rendered":"https:\/\/hollarka.net\/2022\/stagesofdeath\/?page_id=2"},"modified":"2022-05-26T15:28:32","modified_gmt":"2022-05-26T13:28:32","slug":"zkusebni-stranka","status":"publish","type":"page","link":"https:\/\/hollarka.net\/2022\/stagesofdeath\/","title":{"rendered":"Maty\u00e1\u0161 Zapletal &#8211;                 Stages of Death"},"content":{"rendered":"\n<div class=\"wp-block-buttons is-layout-flex wp-block-buttons-is-layout-flex\"><\/div>\n\n\n\n<p class=\"has-medium-font-size\" id=\"block-3c38b000-9eb6-43a6-9f46-07dd80e84f8c\">P\u0159\u00edb\u011bh m\u00e9ho videoklipu pojedn\u00e1v\u00e1 o opou\u0161t\u011bn\u00ed du\u0161e jej\u00ed hmotnou schr\u00e1nku &#8211; t\u011blo. Videoklip je rozd\u011blen do 7 \u010d\u00e1st\u00ed, f\u00e1z\u00ed smrti a p\u0159\u00edchodu do r\u00e1je.<\/p>\n\n\n\n<h6 class=\"has-medium-font-size wp-block-heading\" id=\"block-ff63e4bc-ecb7-414d-a4eb-d6936f8371e5\">1. Televize &#8211; na\u0161e p\u00edse\u0148 m\u00e1 ambientn\u00ed za\u010d\u00e1tek, tud\u00ed\u017e je i vizu\u00e1l ambientn\u00ed a monotoln\u00ed.<\/h6>\n\n\n\n<p id=\"block-2d0727c4-7e60-4b50-a48a-87d8ed2439ee\">\ufeff<\/p>\n\n\n\n<figure class=\"wp-block-image\" id=\"block-6d6a7b86-7175-4078-8b39-0583095952d1\"><img decoding=\"async\" src=\"https:\/\/hollarka.net\/2022\/stagesofdeath\/wp-content\/uploads\/2022\/05\/televize-1024x680.png\" alt=\"Tento obr\u00e1zek nem\u00e1 vypln\u011bn\u00fd atribut alt; n\u00e1zev souboru je televize-1024x680.png.\"\/><\/figure>\n\n\n\n<h6 class=\"has-medium-font-size wp-block-heading\" id=\"block-0b120b51-d0b2-48b3-a63e-f769948ec51f\">2. Jakmile se hudba za\u010dne vyv\u00edjet, do rytmu za\u010dnou problik\u00e1vat z\u00e1b\u011bry holky, kter\u00e1 se chyst\u00e1 do vany, ale ne kv\u016fli myt\u00ed.<\/h6>\n\n\n\n<figure class=\"wp-block-gallery has-nested-images columns-default is-cropped wp-block-gallery-1 is-layout-flex wp-block-gallery-is-layout-flex\">\n<figure class=\"wp-block-image size-large\"><img loading=\"lazy\" decoding=\"async\" width=\"1024\" height=\"576\" data-id=\"71\" src=\"https:\/\/hollarka.net\/2022\/stagesofdeath\/wp-content\/uploads\/2022\/05\/vana1-1-1024x576.png\" alt=\"\" class=\"wp-image-71\" srcset=\"https:\/\/hollarka.net\/2022\/stagesofdeath\/wp-content\/uploads\/2022\/05\/vana1-1-1024x576.png 1024w, https:\/\/hollarka.net\/2022\/stagesofdeath\/wp-content\/uploads\/2022\/05\/vana1-1-300x169.png 300w, https:\/\/hollarka.net\/2022\/stagesofdeath\/wp-content\/uploads\/2022\/05\/vana1-1-768x432.png 768w, https:\/\/hollarka.net\/2022\/stagesofdeath\/wp-content\/uploads\/2022\/05\/vana1-1-1536x864.png 1536w, https:\/\/hollarka.net\/2022\/stagesofdeath\/wp-content\/uploads\/2022\/05\/vana1-1-2048x1152.png 2048w\" sizes=\"auto, (max-width: 767px) 89vw, (max-width: 1000px) 54vw, (max-width: 1071px) 543px, 580px\" \/><\/figure>\n\n\n\n<figure class=\"wp-block-image size-large\"><img loading=\"lazy\" decoding=\"async\" width=\"1024\" height=\"576\" data-id=\"68\" src=\"https:\/\/hollarka.net\/2022\/stagesofdeath\/wp-content\/uploads\/2022\/05\/vana2-1-1024x576.png\" alt=\"\" class=\"wp-image-68\" srcset=\"https:\/\/hollarka.net\/2022\/stagesofdeath\/wp-content\/uploads\/2022\/05\/vana2-1-1024x576.png 1024w, https:\/\/hollarka.net\/2022\/stagesofdeath\/wp-content\/uploads\/2022\/05\/vana2-1-300x169.png 300w, https:\/\/hollarka.net\/2022\/stagesofdeath\/wp-content\/uploads\/2022\/05\/vana2-1-768x432.png 768w, https:\/\/hollarka.net\/2022\/stagesofdeath\/wp-content\/uploads\/2022\/05\/vana2-1-1536x864.png 1536w, https:\/\/hollarka.net\/2022\/stagesofdeath\/wp-content\/uploads\/2022\/05\/vana2-1-2048x1152.png 2048w\" sizes=\"auto, (max-width: 767px) 89vw, (max-width: 1000px) 54vw, (max-width: 1071px) 543px, 580px\" \/><\/figure>\n\n\n\n<figure class=\"wp-block-image size-large\"><img loading=\"lazy\" decoding=\"async\" width=\"1024\" height=\"576\" data-id=\"70\" src=\"https:\/\/hollarka.net\/2022\/stagesofdeath\/wp-content\/uploads\/2022\/05\/vana3-1-1024x576.png\" alt=\"\" class=\"wp-image-70\" srcset=\"https:\/\/hollarka.net\/2022\/stagesofdeath\/wp-content\/uploads\/2022\/05\/vana3-1-1024x576.png 1024w, https:\/\/hollarka.net\/2022\/stagesofdeath\/wp-content\/uploads\/2022\/05\/vana3-1-300x169.png 300w, https:\/\/hollarka.net\/2022\/stagesofdeath\/wp-content\/uploads\/2022\/05\/vana3-1-768x432.png 768w, https:\/\/hollarka.net\/2022\/stagesofdeath\/wp-content\/uploads\/2022\/05\/vana3-1-1536x864.png 1536w, https:\/\/hollarka.net\/2022\/stagesofdeath\/wp-content\/uploads\/2022\/05\/vana3-1-2048x1152.png 2048w\" sizes=\"auto, (max-width: 767px) 89vw, (max-width: 1000px) 54vw, (max-width: 1071px) 543px, 580px\" \/><\/figure>\n\n\n\n<figure class=\"wp-block-image size-large\"><img loading=\"lazy\" decoding=\"async\" width=\"1024\" height=\"576\" data-id=\"81\" src=\"https:\/\/hollarka.net\/2022\/stagesofdeath\/wp-content\/uploads\/2022\/05\/PODVODOU-1024x576.png\" alt=\"\" class=\"wp-image-81\" srcset=\"https:\/\/hollarka.net\/2022\/stagesofdeath\/wp-content\/uploads\/2022\/05\/PODVODOU-1024x576.png 1024w, https:\/\/hollarka.net\/2022\/stagesofdeath\/wp-content\/uploads\/2022\/05\/PODVODOU-300x169.png 300w, https:\/\/hollarka.net\/2022\/stagesofdeath\/wp-content\/uploads\/2022\/05\/PODVODOU-768x432.png 768w, https:\/\/hollarka.net\/2022\/stagesofdeath\/wp-content\/uploads\/2022\/05\/PODVODOU-1536x864.png 1536w, https:\/\/hollarka.net\/2022\/stagesofdeath\/wp-content\/uploads\/2022\/05\/PODVODOU-2048x1152.png 2048w\" sizes=\"auto, (max-width: 767px) 89vw, (max-width: 1000px) 54vw, (max-width: 1071px) 543px, 580px\" \/><\/figure>\n<\/figure>\n\n\n\n<h6 class=\"has-medium-font-size wp-block-heading\" id=\"block-a4cbcbe7-b4f4-4e3c-9bd3-ddd42a68509c\">3. Po utopen\u00ed za\u010d\u00edn\u00e1 prvn\u00ed f\u00e1ze, du\u0161e opou\u0161t\u00ed ji\u017e nepou\u017eiteln\u00e9 t\u011blo a vyd\u00e1v\u00e1 se na cestu vesm\u00edrem<\/h6>\n\n\n\n<figure class=\"wp-block-gallery has-nested-images columns-default is-cropped wp-block-gallery-2 is-layout-flex wp-block-gallery-is-layout-flex\">\n<figure class=\"wp-block-image size-large\"><img loading=\"lazy\" decoding=\"async\" width=\"1024\" height=\"576\" data-id=\"72\" src=\"https:\/\/hollarka.net\/2022\/stagesofdeath\/wp-content\/uploads\/2022\/05\/1-1-1024x576.png\" alt=\"\" class=\"wp-image-72\" srcset=\"https:\/\/hollarka.net\/2022\/stagesofdeath\/wp-content\/uploads\/2022\/05\/1-1-1024x576.png 1024w, https:\/\/hollarka.net\/2022\/stagesofdeath\/wp-content\/uploads\/2022\/05\/1-1-300x169.png 300w, https:\/\/hollarka.net\/2022\/stagesofdeath\/wp-content\/uploads\/2022\/05\/1-1-768x432.png 768w, https:\/\/hollarka.net\/2022\/stagesofdeath\/wp-content\/uploads\/2022\/05\/1-1-1536x864.png 1536w, https:\/\/hollarka.net\/2022\/stagesofdeath\/wp-content\/uploads\/2022\/05\/1-1.png 1920w\" sizes=\"auto, (max-width: 767px) 89vw, (max-width: 1000px) 54vw, (max-width: 1071px) 543px, 580px\" \/><\/figure>\n\n\n\n<figure class=\"wp-block-image size-large\"><img loading=\"lazy\" decoding=\"async\" width=\"1024\" height=\"576\" data-id=\"73\" src=\"https:\/\/hollarka.net\/2022\/stagesofdeath\/wp-content\/uploads\/2022\/05\/2-1-1024x576.png\" alt=\"\" class=\"wp-image-73\" srcset=\"https:\/\/hollarka.net\/2022\/stagesofdeath\/wp-content\/uploads\/2022\/05\/2-1-1024x576.png 1024w, https:\/\/hollarka.net\/2022\/stagesofdeath\/wp-content\/uploads\/2022\/05\/2-1-300x169.png 300w, https:\/\/hollarka.net\/2022\/stagesofdeath\/wp-content\/uploads\/2022\/05\/2-1-768x432.png 768w, https:\/\/hollarka.net\/2022\/stagesofdeath\/wp-content\/uploads\/2022\/05\/2-1-1536x864.png 1536w, https:\/\/hollarka.net\/2022\/stagesofdeath\/wp-content\/uploads\/2022\/05\/2-1.png 1920w\" sizes=\"auto, (max-width: 767px) 89vw, (max-width: 1000px) 54vw, (max-width: 1071px) 543px, 580px\" \/><\/figure>\n\n\n\n<figure class=\"wp-block-image size-large\"><img loading=\"lazy\" decoding=\"async\" width=\"1024\" height=\"576\" data-id=\"74\" src=\"https:\/\/hollarka.net\/2022\/stagesofdeath\/wp-content\/uploads\/2022\/05\/3-1-1024x576.png\" alt=\"\" class=\"wp-image-74\" srcset=\"https:\/\/hollarka.net\/2022\/stagesofdeath\/wp-content\/uploads\/2022\/05\/3-1-1024x576.png 1024w, https:\/\/hollarka.net\/2022\/stagesofdeath\/wp-content\/uploads\/2022\/05\/3-1-300x169.png 300w, https:\/\/hollarka.net\/2022\/stagesofdeath\/wp-content\/uploads\/2022\/05\/3-1-768x432.png 768w, https:\/\/hollarka.net\/2022\/stagesofdeath\/wp-content\/uploads\/2022\/05\/3-1-1536x864.png 1536w, https:\/\/hollarka.net\/2022\/stagesofdeath\/wp-content\/uploads\/2022\/05\/3-1.png 1920w\" sizes=\"auto, (max-width: 767px) 89vw, (max-width: 1000px) 54vw, (max-width: 1071px) 543px, 580px\" \/><\/figure>\n<\/figure>\n\n\n\n<div class=\"wp-block-media-text alignwide has-media-on-the-right is-stacked-on-mobile\"><figure class=\"wp-block-media-text__media\"><video controls src=\"https:\/\/hollarka.net\/2022\/stagesofdeath\/wp-content\/uploads\/2022\/05\/kopak_render0021-1340-1.mp4\"><\/video><\/figure><div class=\"wp-block-media-text__content\">\n<p class=\"has-medium-font-size\">V t\u00e9to \u010d\u00e1sti tracku za\u010d\u00edn\u00e1 rytmick\u00e1 \u010d\u00e1st a proto jsem se rozhodl vytvo\u0159it p\u00e1r audio reaktivn\u00edch 3D model\u016f, v tomto p\u0159\u00edpad\u011b jsme izolovali \u201ekop\u00e1k\u201c kter\u00fd ud\u00e1v\u00e1 p\u0159esn\u00fd rytmus.<\/p>\n<\/div><\/div>\n\n\n\n<figure class=\"wp-block-audio\"><audio controls src=\"https:\/\/hollarka.net\/2022\/stagesofdeath\/wp-content\/uploads\/2022\/05\/yashimi-kick.mp3\"><\/audio><\/figure>\n\n\n\n<div class=\"wp-block-media-text alignwide has-media-on-the-right is-stacked-on-mobile\"><figure class=\"wp-block-media-text__media\"><video controls src=\"https:\/\/hollarka.net\/2022\/stagesofdeath\/wp-content\/uploads\/2022\/05\/WIREFRAME.mp4\"><\/video><\/figure><div class=\"wp-block-media-text__content\">\n<p class=\"has-medium-font-size\">K tomu jsem ud\u011blal podle stejn\u00e9ho postupu i model na melodick\u00e9 piano<\/p>\n<\/div><\/div>\n\n\n\n<figure class=\"wp-block-audio\"><audio controls src=\"https:\/\/hollarka.net\/2022\/stagesofdeath\/wp-content\/uploads\/2022\/05\/yashimi-piano-101bpm.wav\"><\/audio><\/figure>\n\n\n\n<div class=\"wp-block-media-text alignwide has-media-on-the-right is-stacked-on-mobile\"><figure class=\"wp-block-media-text__media\"><video controls src=\"https:\/\/hollarka.net\/2022\/stagesofdeath\/wp-content\/uploads\/2022\/05\/0001-0100-1.mp4\"><\/video><\/figure><div class=\"wp-block-media-text__content\">\n<p class=\"has-medium-font-size\">+ loop POV j\u00edzdy sci-fi vesm\u00edrn\u00fdm prost\u0159ed\u00edm<\/p>\n<\/div><\/div>\n\n\n\n<p class=\"has-white-color has-text-color has-medium-font-size\">4. D\u00e1le se objev\u00edme v metagalaktick\u00e9m 8D tunelu \u2013 hv\u011bzdn\u00e1 br\u00e1na, kter\u00e1 n\u00e1s pot\u00e9 p\u0159enese k orionov\u011b p\u00e1su<\/p>\n\n\n\n<figure class=\"wp-block-gallery has-nested-images columns-default is-cropped wp-block-gallery-3 is-layout-flex wp-block-gallery-is-layout-flex\">\n<figure class=\"wp-block-image size-large\"><img loading=\"lazy\" decoding=\"async\" width=\"1920\" height=\"1080\" data-id=\"51\" src=\"https:\/\/hollarka.net\/2022\/stagesofdeath\/wp-content\/uploads\/2022\/05\/anim_modry-2.png\" alt=\"\" class=\"wp-image-51\" srcset=\"https:\/\/hollarka.net\/2022\/stagesofdeath\/wp-content\/uploads\/2022\/05\/anim_modry-2.png 1920w, https:\/\/hollarka.net\/2022\/stagesofdeath\/wp-content\/uploads\/2022\/05\/anim_modry-2-300x169.png 300w, https:\/\/hollarka.net\/2022\/stagesofdeath\/wp-content\/uploads\/2022\/05\/anim_modry-2-1024x576.png 1024w, https:\/\/hollarka.net\/2022\/stagesofdeath\/wp-content\/uploads\/2022\/05\/anim_modry-2-768x432.png 768w, https:\/\/hollarka.net\/2022\/stagesofdeath\/wp-content\/uploads\/2022\/05\/anim_modry-2-1536x864.png 1536w\" sizes=\"auto, (max-width: 767px) 89vw, (max-width: 1000px) 54vw, (max-width: 1071px) 543px, 580px\" \/><\/figure>\n\n\n\n<figure class=\"wp-block-image size-large\"><img loading=\"lazy\" decoding=\"async\" width=\"512\" height=\"512\" data-id=\"50\" src=\"https:\/\/hollarka.net\/2022\/stagesofdeath\/wp-content\/uploads\/2022\/05\/normala_mandala-2.jpg\" alt=\"\" class=\"wp-image-50\" srcset=\"https:\/\/hollarka.net\/2022\/stagesofdeath\/wp-content\/uploads\/2022\/05\/normala_mandala-2.jpg 512w, https:\/\/hollarka.net\/2022\/stagesofdeath\/wp-content\/uploads\/2022\/05\/normala_mandala-2-300x300.jpg 300w, https:\/\/hollarka.net\/2022\/stagesofdeath\/wp-content\/uploads\/2022\/05\/normala_mandala-2-150x150.jpg 150w\" sizes=\"auto, (max-width: 512px) 100vw, 512px\" \/><\/figure>\n<\/figure>\n\n\n\n<p class=\"has-medium-font-size\">5. Orion\u016fv p\u00e1s &#8211; du\u0161e se setk\u00e1v\u00e1 i s jin\u00fdmi du\u0161emi kter\u00e9 putuj\u00ed do sedmihradska<\/p>\n\n\n\n<figure class=\"wp-block-gallery has-nested-images columns-default is-cropped wp-block-gallery-4 is-layout-flex wp-block-gallery-is-layout-flex\">\n<figure class=\"wp-block-image size-large\"><img loading=\"lazy\" decoding=\"async\" width=\"615\" height=\"1024\" data-id=\"84\" src=\"https:\/\/hollarka.net\/2022\/stagesofdeath\/wp-content\/uploads\/2022\/05\/TOTEM_PROPOJEN-615x1024.png\" alt=\"\" class=\"wp-image-84\" srcset=\"https:\/\/hollarka.net\/2022\/stagesofdeath\/wp-content\/uploads\/2022\/05\/TOTEM_PROPOJEN-615x1024.png 615w, https:\/\/hollarka.net\/2022\/stagesofdeath\/wp-content\/uploads\/2022\/05\/TOTEM_PROPOJEN-180x300.png 180w, https:\/\/hollarka.net\/2022\/stagesofdeath\/wp-content\/uploads\/2022\/05\/TOTEM_PROPOJEN-768x1279.png 768w, https:\/\/hollarka.net\/2022\/stagesofdeath\/wp-content\/uploads\/2022\/05\/TOTEM_PROPOJEN-922x1536.png 922w, https:\/\/hollarka.net\/2022\/stagesofdeath\/wp-content\/uploads\/2022\/05\/TOTEM_PROPOJEN-1230x2048.png 1230w, https:\/\/hollarka.net\/2022\/stagesofdeath\/wp-content\/uploads\/2022\/05\/TOTEM_PROPOJEN.png 1249w\" sizes=\"auto, (max-width: 615px) 100vw, 615px\" \/><\/figure>\n<\/figure>\n\n\n\n<figure class=\"wp-block-image size-large\"><img loading=\"lazy\" decoding=\"async\" width=\"1024\" height=\"576\" src=\"https:\/\/hollarka.net\/2022\/stagesofdeath\/wp-content\/uploads\/2022\/05\/screenshotTOTEM-1-1024x576.png\" alt=\"\" class=\"wp-image-86\" srcset=\"https:\/\/hollarka.net\/2022\/stagesofdeath\/wp-content\/uploads\/2022\/05\/screenshotTOTEM-1-1024x576.png 1024w, https:\/\/hollarka.net\/2022\/stagesofdeath\/wp-content\/uploads\/2022\/05\/screenshotTOTEM-1-300x169.png 300w, https:\/\/hollarka.net\/2022\/stagesofdeath\/wp-content\/uploads\/2022\/05\/screenshotTOTEM-1-768x432.png 768w, https:\/\/hollarka.net\/2022\/stagesofdeath\/wp-content\/uploads\/2022\/05\/screenshotTOTEM-1-1536x864.png 1536w, https:\/\/hollarka.net\/2022\/stagesofdeath\/wp-content\/uploads\/2022\/05\/screenshotTOTEM-1-2048x1151.png 2048w\" sizes=\"auto, (max-width: 767px) 89vw, (max-width: 1000px) 54vw, (max-width: 1071px) 543px, 580px\" \/><\/figure>\n\n\n\n<p class=\"has-medium-font-size\">6. Ka\u0148on \/ nebula &#8211; posledn\u00ed f\u00e1ze p\u0159ed r\u00e1jem<\/p>\n\n\n\n<div class=\"wp-block-media-text alignwide has-media-on-the-right is-stacked-on-mobile\"><figure class=\"wp-block-media-text__media\"><img loading=\"lazy\" decoding=\"async\" width=\"1024\" height=\"624\" src=\"https:\/\/hollarka.net\/2022\/stagesofdeath\/wp-content\/uploads\/2022\/05\/Snimek-obrazovky-2022-05-26-v-12.31.39-1024x624.png\" alt=\"\" class=\"wp-image-87 size-full\" srcset=\"https:\/\/hollarka.net\/2022\/stagesofdeath\/wp-content\/uploads\/2022\/05\/Snimek-obrazovky-2022-05-26-v-12.31.39-1024x624.png 1024w, https:\/\/hollarka.net\/2022\/stagesofdeath\/wp-content\/uploads\/2022\/05\/Snimek-obrazovky-2022-05-26-v-12.31.39-300x183.png 300w, https:\/\/hollarka.net\/2022\/stagesofdeath\/wp-content\/uploads\/2022\/05\/Snimek-obrazovky-2022-05-26-v-12.31.39-768x468.png 768w, https:\/\/hollarka.net\/2022\/stagesofdeath\/wp-content\/uploads\/2022\/05\/Snimek-obrazovky-2022-05-26-v-12.31.39-1536x937.png 1536w, https:\/\/hollarka.net\/2022\/stagesofdeath\/wp-content\/uploads\/2022\/05\/Snimek-obrazovky-2022-05-26-v-12.31.39-2048x1249.png 2048w\" sizes=\"auto, (max-width: 767px) 89vw, (max-width: 1000px) 54vw, (max-width: 1071px) 543px, 580px\" \/><\/figure><div class=\"wp-block-media-text__content\">\n<p class=\"has-medium-font-size\">Smy\u010dka j\u00edzdy symetrickou nebulou orionu<\/p>\n<\/div><\/div>\n\n\n\n<figure class=\"wp-block-image size-large\"><img loading=\"lazy\" decoding=\"async\" width=\"1024\" height=\"576\" src=\"https:\/\/hollarka.net\/2022\/stagesofdeath\/wp-content\/uploads\/2022\/05\/screenNEBULA-1024x576.png\" alt=\"\" class=\"wp-image-88\" srcset=\"https:\/\/hollarka.net\/2022\/stagesofdeath\/wp-content\/uploads\/2022\/05\/screenNEBULA-1024x576.png 1024w, https:\/\/hollarka.net\/2022\/stagesofdeath\/wp-content\/uploads\/2022\/05\/screenNEBULA-300x169.png 300w, https:\/\/hollarka.net\/2022\/stagesofdeath\/wp-content\/uploads\/2022\/05\/screenNEBULA-768x432.png 768w, https:\/\/hollarka.net\/2022\/stagesofdeath\/wp-content\/uploads\/2022\/05\/screenNEBULA-1536x864.png 1536w, https:\/\/hollarka.net\/2022\/stagesofdeath\/wp-content\/uploads\/2022\/05\/screenNEBULA-2048x1151.png 2048w\" sizes=\"auto, (max-width: 767px) 89vw, (max-width: 1000px) 54vw, (max-width: 1071px) 543px, 580px\" \/><\/figure>\n\n\n\n<p class=\"has-medium-font-size\">7.  PLACE IN THE SKY &#8211;  zakon\u010duj\u00edc\u00ed vyvrcholen\u00ed<\/p>\n\n\n\n<p class=\"has-text-align-center has-medium-font-size\">,, There\u2019s a place in the sky,<\/p>\n\n\n\n<p class=\"has-text-align-center has-medium-font-size\">  no one knows where to find,<\/p>\n\n\n\n<p class=\"has-text-align-center has-medium-font-size\"> there\u2019s a place out of space,<\/p>\n\n\n\n<p class=\"has-text-align-center has-medium-font-size\"> there\u2019s a love to be found<\/p>\n\n\n\n<div class=\"wp-block-media-text alignwide is-stacked-on-mobile\"><figure class=\"wp-block-media-text__media\"><img loading=\"lazy\" decoding=\"async\" width=\"1024\" height=\"622\" src=\"https:\/\/hollarka.net\/2022\/stagesofdeath\/wp-content\/uploads\/2022\/05\/Snimek-obrazovky-2022-02-23-v-13.15.18-1-1024x622.png\" alt=\"\" class=\"wp-image-91 size-full\" srcset=\"https:\/\/hollarka.net\/2022\/stagesofdeath\/wp-content\/uploads\/2022\/05\/Snimek-obrazovky-2022-02-23-v-13.15.18-1-1024x622.png 1024w, https:\/\/hollarka.net\/2022\/stagesofdeath\/wp-content\/uploads\/2022\/05\/Snimek-obrazovky-2022-02-23-v-13.15.18-1-300x182.png 300w, https:\/\/hollarka.net\/2022\/stagesofdeath\/wp-content\/uploads\/2022\/05\/Snimek-obrazovky-2022-02-23-v-13.15.18-1-768x466.png 768w, https:\/\/hollarka.net\/2022\/stagesofdeath\/wp-content\/uploads\/2022\/05\/Snimek-obrazovky-2022-02-23-v-13.15.18-1-1536x933.png 1536w, https:\/\/hollarka.net\/2022\/stagesofdeath\/wp-content\/uploads\/2022\/05\/Snimek-obrazovky-2022-02-23-v-13.15.18-1-2048x1244.png 2048w\" sizes=\"auto, (max-width: 767px) 89vw, (max-width: 1000px) 54vw, (max-width: 1071px) 543px, 580px\" \/><\/figure><div class=\"wp-block-media-text__content\">\n<p class=\"has-medium-font-size\">Posledn\u00ed audio-reaktivn\u00ed 3D model<\/p>\n<\/div><\/div>\n\n\n\n<figure class=\"wp-block-gallery has-nested-images columns-default is-cropped wp-block-gallery-5 is-layout-flex wp-block-gallery-is-layout-flex\">\n<figure class=\"wp-block-image size-large\"><img loading=\"lazy\" decoding=\"async\" width=\"1024\" height=\"576\" data-id=\"92\" src=\"https:\/\/hollarka.net\/2022\/stagesofdeath\/wp-content\/uploads\/2022\/05\/screenPLACE-1024x576.png\" alt=\"\" class=\"wp-image-92\" srcset=\"https:\/\/hollarka.net\/2022\/stagesofdeath\/wp-content\/uploads\/2022\/05\/screenPLACE-1024x576.png 1024w, https:\/\/hollarka.net\/2022\/stagesofdeath\/wp-content\/uploads\/2022\/05\/screenPLACE-300x169.png 300w, https:\/\/hollarka.net\/2022\/stagesofdeath\/wp-content\/uploads\/2022\/05\/screenPLACE-768x432.png 768w, https:\/\/hollarka.net\/2022\/stagesofdeath\/wp-content\/uploads\/2022\/05\/screenPLACE-1536x864.png 1536w, https:\/\/hollarka.net\/2022\/stagesofdeath\/wp-content\/uploads\/2022\/05\/screenPLACE-2048x1151.png 2048w\" sizes=\"auto, (max-width: 767px) 89vw, (max-width: 1000px) 54vw, (max-width: 1071px) 543px, 580px\" \/><\/figure>\n<\/figure>\n\n\n\n<figure class=\"wp-block-image size-large\"><img loading=\"lazy\" decoding=\"async\" width=\"1024\" height=\"576\" src=\"https:\/\/hollarka.net\/2022\/stagesofdeath\/wp-content\/uploads\/2022\/05\/screenLOVE-1024x576.png\" alt=\"\" class=\"wp-image-93\" srcset=\"https:\/\/hollarka.net\/2022\/stagesofdeath\/wp-content\/uploads\/2022\/05\/screenLOVE-1024x576.png 1024w, https:\/\/hollarka.net\/2022\/stagesofdeath\/wp-content\/uploads\/2022\/05\/screenLOVE-300x169.png 300w, https:\/\/hollarka.net\/2022\/stagesofdeath\/wp-content\/uploads\/2022\/05\/screenLOVE-768x432.png 768w, https:\/\/hollarka.net\/2022\/stagesofdeath\/wp-content\/uploads\/2022\/05\/screenLOVE-1536x864.png 1536w, https:\/\/hollarka.net\/2022\/stagesofdeath\/wp-content\/uploads\/2022\/05\/screenLOVE-2048x1151.png 2048w\" sizes=\"auto, (max-width: 767px) 89vw, (max-width: 1000px) 54vw, (max-width: 1071px) 543px, 580px\" \/><\/figure>\n\n\n\n<figure class=\"wp-block-image size-large\"><img loading=\"lazy\" decoding=\"async\" width=\"1024\" height=\"576\" src=\"https:\/\/hollarka.net\/2022\/stagesofdeath\/wp-content\/uploads\/2022\/05\/screenSKY-1024x576.png\" alt=\"\" class=\"wp-image-94\" srcset=\"https:\/\/hollarka.net\/2022\/stagesofdeath\/wp-content\/uploads\/2022\/05\/screenSKY-1024x576.png 1024w, https:\/\/hollarka.net\/2022\/stagesofdeath\/wp-content\/uploads\/2022\/05\/screenSKY-300x169.png 300w, https:\/\/hollarka.net\/2022\/stagesofdeath\/wp-content\/uploads\/2022\/05\/screenSKY-768x432.png 768w, https:\/\/hollarka.net\/2022\/stagesofdeath\/wp-content\/uploads\/2022\/05\/screenSKY-1536x864.png 1536w, https:\/\/hollarka.net\/2022\/stagesofdeath\/wp-content\/uploads\/2022\/05\/screenSKY-2048x1151.png 2048w\" sizes=\"auto, (max-width: 767px) 89vw, (max-width: 1000px) 54vw, (max-width: 1071px) 543px, 580px\" \/><\/figure>\n\n\n\n<p><\/p>\n","protected":false},"excerpt":{"rendered":"<p>P\u0159\u00edb\u011bh m\u00e9ho videoklipu pojedn\u00e1v\u00e1 o opou\u0161t\u011bn\u00ed du\u0161e jej\u00ed hmotnou schr\u00e1nku &#8211; t\u011blo. Videoklip je rozd\u011blen do 7 \u010d\u00e1st\u00ed, f\u00e1z\u00ed smrti a p\u0159\u00edchodu do r\u00e1je. 1. Televize &#8211; na\u0161e p\u00edse\u0148 m\u00e1 ambientn\u00ed za\u010d\u00e1tek, tud\u00ed\u017e je i vizu\u00e1l ambientn\u00ed a monotoln\u00ed. \ufeff 2. Jakmile se hudba za\u010dne vyv\u00edjet, do rytmu za\u010dnou problik\u00e1vat z\u00e1b\u011bry holky, kter\u00e1 se chyst\u00e1 &hellip; <\/p>\n<p class=\"link-more\"><a href=\"https:\/\/hollarka.net\/2022\/stagesofdeath\/\" class=\"more-link\">Pokra\u010dovat ve \u010dten\u00ed<span class=\"screen-reader-text\"> &#8222;Maty\u00e1\u0161 Zapletal &#8211;                 Stages of Death&#8220;<\/span><\/a><\/p>\n","protected":false},"author":1,"featured_media":22,"parent":0,"menu_order":0,"comment_status":"closed","ping_status":"open","template":"","meta":{"footnotes":""},"class_list":["post-2","page","type-page","status-publish","has-post-thumbnail","hentry"],"_links":{"self":[{"href":"https:\/\/hollarka.net\/2022\/stagesofdeath\/wp-json\/wp\/v2\/pages\/2","targetHints":{"allow":["GET"]}}],"collection":[{"href":"https:\/\/hollarka.net\/2022\/stagesofdeath\/wp-json\/wp\/v2\/pages"}],"about":[{"href":"https:\/\/hollarka.net\/2022\/stagesofdeath\/wp-json\/wp\/v2\/types\/page"}],"author":[{"embeddable":true,"href":"https:\/\/hollarka.net\/2022\/stagesofdeath\/wp-json\/wp\/v2\/users\/1"}],"replies":[{"embeddable":true,"href":"https:\/\/hollarka.net\/2022\/stagesofdeath\/wp-json\/wp\/v2\/comments?post=2"}],"version-history":[{"count":14,"href":"https:\/\/hollarka.net\/2022\/stagesofdeath\/wp-json\/wp\/v2\/pages\/2\/revisions"}],"predecessor-version":[{"id":103,"href":"https:\/\/hollarka.net\/2022\/stagesofdeath\/wp-json\/wp\/v2\/pages\/2\/revisions\/103"}],"wp:featuredmedia":[{"embeddable":true,"href":"https:\/\/hollarka.net\/2022\/stagesofdeath\/wp-json\/wp\/v2\/media\/22"}],"wp:attachment":[{"href":"https:\/\/hollarka.net\/2022\/stagesofdeath\/wp-json\/wp\/v2\/media?parent=2"}],"curies":[{"name":"wp","href":"https:\/\/api.w.org\/{rel}","templated":true}]}}